{"id":1146,"date":"2017-07-10T15:09:03","date_gmt":"2017-07-10T15:09:03","guid":{"rendered":"http:\/\/1001images.fr\/blog\/?page_id=1146"},"modified":"2017-07-11T08:27:27","modified_gmt":"2017-07-11T08:27:27","slug":"qui-suis-je","status":"publish","type":"page","link":"http:\/\/1001images.fr\/blog\/?page_id=1146","title":{"rendered":"Qui suis-je ?"},"content":{"rendered":"<div class=\"fblike_button\" style=\"margin: 10px 0;\"><iframe src=\"http:\/\/www.facebook.com\/plugins\/like.php?href=http%3A%2F%2F1001images.fr%2Fblog%2F%3Fpage_id%3D1146&amp;layout=standard&amp;show_faces=true&amp;width=450&amp;action=like&amp;font=arial&amp;colorscheme=light\" scrolling=\"no\" frameborder=\"0\" allowTransparency=\"true\" style=\"border:none; overflow:hidden; width:450px; height:25px\"><\/iframe><\/div>\n<p>Passionn\u00e9e de photographie d\u00e8s mon plus jeune \u00e2ge, j&rsquo;ai franchi le pas d&rsquo;en faire mon m\u00e9tier il y a une dizaine d&rsquo;ann\u00e9es d\u00e9j\u00e0 et de cr\u00e9er<a href=\"http:\/\/www.1001images.fr\"> 1001 Images<\/a>, au service de vos plus belles \u00e9motions.<\/p>\n<p>Je r\u00e9alise pour vos portraits, vos reportages familiaux ou des prestations pour les entreprises.<\/p>\n<p>Mon travail a \u00e9t\u00e9 r\u00e9compens\u00e9 \u00e0 plusieurs reprises, par les<strong> titres de Portraitiste de France, European Photographer<\/strong> ou encore, <span style=\"color: #000000;\"><strong>une m\u00e9daille d&rsquo;argent<\/strong> <\/span>en mariage.<\/p>\n<div id=\"attachment_1148\" style=\"width: 210px\" class=\"wp-caption aligncenter\"><a href=\"http:\/\/1001images.fr\/blog\/wp-content\/uploads\/2017\/07\/AAEAAQAAAAAAAACqAAAAJDdiNDkxYWQ4LTJhYjQtNGM3YS1hMjU3LWQwZDgwMzZkODgyZQ.jpg\"><img loading=\"lazy\" decoding=\"async\" aria-describedby=\"caption-attachment-1148\" class=\"wp-image-1148 size-full\" title=\"Marie-Louise LE GOFF\" src=\"http:\/\/1001images.fr\/blog\/wp-content\/uploads\/2017\/07\/AAEAAQAAAAAAAACqAAAAJDdiNDkxYWQ4LTJhYjQtNGM3YS1hMjU3LWQwZDgwMzZkODgyZQ.jpg\" alt=\"\" width=\"200\" height=\"200\" srcset=\"http:\/\/1001images.fr\/blog\/wp-content\/uploads\/2017\/07\/AAEAAQAAAAAAAACqAAAAJDdiNDkxYWQ4LTJhYjQtNGM3YS1hMjU3LWQwZDgwMzZkODgyZQ.jpg 200w, http:\/\/1001images.fr\/blog\/wp-content\/uploads\/2017\/07\/AAEAAQAAAAAAAACqAAAAJDdiNDkxYWQ4LTJhYjQtNGM3YS1hMjU3LWQwZDgwMzZkODgyZQ-150x150.jpg 150w, http:\/\/1001images.fr\/blog\/wp-content\/uploads\/2017\/07\/AAEAAQAAAAAAAACqAAAAJDdiNDkxYWQ4LTJhYjQtNGM3YS1hMjU3LWQwZDgwMzZkODgyZQ-144x144.jpg 144w, http:\/\/1001images.fr\/blog\/wp-content\/uploads\/2017\/07\/AAEAAQAAAAAAAACqAAAAJDdiNDkxYWQ4LTJhYjQtNGM3YS1hMjU3LWQwZDgwMzZkODgyZQ-88x88.jpg 88w\" sizes=\"(max-width: 200px) 100vw, 200px\" \/><\/a><p id=\"caption-attachment-1148\" class=\"wp-caption-text\"><span style=\"font-size: 8pt;\"><em>\u00a9 Franck Lecrenay 2015<\/em><\/span><\/p><\/div>\n<p>Me contacter.<\/p>\n","protected":false},"excerpt":{"rendered":"<p>Passionn\u00e9e de photographie d\u00e8s mon plus jeune \u00e2ge, j&rsquo;ai franchi le pas d&rsquo;en faire mon m\u00e9tier il y a une dizaine d&rsquo;ann\u00e9es d\u00e9j\u00e0 et de cr\u00e9er 1001 Images,&#8230;<\/p>\n","protected":false},"author":2,"featured_media":1148,"parent":0,"menu_order":0,"comment_status":"closed","ping_status":"closed","template":"","meta":{"footnotes":""},"class_list":["post-1146","page","type-page","status-publish","has-post-thumbnail","hentry"],"acf":[],"_links":{"self":[{"href":"http:\/\/1001images.fr\/blog\/index.php?rest_route=\/wp\/v2\/pages\/1146"}],"collection":[{"href":"http:\/\/1001images.fr\/blog\/index.php?rest_route=\/wp\/v2\/pages"}],"about":[{"href":"http:\/\/1001images.fr\/blog\/index.php?rest_route=\/wp\/v2\/types\/page"}],"author":[{"embeddable":true,"href":"http:\/\/1001images.fr\/blog\/index.php?rest_route=\/wp\/v2\/users\/2"}],"replies":[{"embeddable":true,"href":"http:\/\/1001images.fr\/blog\/index.php?rest_route=%2Fwp%2Fv2%2Fcomments&post=1146"}],"version-history":[{"count":9,"href":"http:\/\/1001images.fr\/blog\/index.php?rest_route=\/wp\/v2\/pages\/1146\/revisions"}],"predecessor-version":[{"id":1159,"href":"http:\/\/1001images.fr\/blog\/index.php?rest_route=\/wp\/v2\/pages\/1146\/revisions\/1159"}],"wp:featuredmedia":[{"embeddable":true,"href":"http:\/\/1001images.fr\/blog\/index.php?rest_route=\/wp\/v2\/media\/1148"}],"wp:attachment":[{"href":"http:\/\/1001images.fr\/blog\/index.php?rest_route=%2Fwp%2Fv2%2Fmedia&parent=1146"}],"curies":[{"name":"wp","href":"https:\/\/api.w.org\/{rel}","templated":true}]}}